{"id":4333,"date":"2020-09-03T07:10:06","date_gmt":"2020-09-03T07:10:06","guid":{"rendered":"http:\/\/gymster.techfusiontechnologies.com\/wordpress\/?page_id=4333"},"modified":"2023-10-07T17:45:43","modified_gmt":"2023-10-07T16:45:43","slug":"slider","status":"publish","type":"page","link":"https:\/\/studioformy.com.pl\/","title":{"rendered":"Slider"},"content":{"rendered":"\t\t<div data-elementor-type=\"wp-page\" data-elementor-id=\"4333\" class=\"elementor elementor-4333\" data-elementor-post-type=\"page\">\n\t\t\t\t\t\t\t\t\t<div class=\"elementor-section elementor-top-section elementor-element elementor-element-ecae2f6 elementor-section-stretched elementor-section-full_width elementor-section-height-full elementor-section-content-middle elementor-section-height-default elementor-section-items-middle\" data-id=\"ecae2f6\" data-element_type=\"section\" data-settings=\"{&quot;stretch_section&quot;:&quot;section-stretched&quot;}\">\n\t\t\t\t\t\t<div class=\"elementor-container elementor-column-gap-no\">\n\t\t\t\t\t<div class=\"elementor-column elementor-col-100 elementor-top-column elementor-element elementor-element-fd097d8\" data-id=\"fd097d8\" data-element_type=\"column\">\n\t\t\t<div class=\"elementor-widget-wrap elementor-element-populated\">\n\t\t\t\t\t\t\t\t<div class=\"elementor-section elementor-inner-section elementor-element elementor-element-bddcb20 elementor-section-full_width elementor-section-height-default elementor-section-height-default\" data-id=\"bddcb20\" data-element_type=\"section\">\n\t\t\t\t\t\t<div class=\"elementor-container elementor-column-gap-default\">\n\t\t\t\t\t<div class=\"elementor-column elementor-col-100 elementor-inner-column elementor-element elementor-element-f8973ec\" data-id=\"f8973ec\" data-element_type=\"column\">\n\t\t\t<div class=\"elementor-widget-wrap\">\n\t\t\t\t\t\t\t\t\t<\/div>\n\t\t<\/div>\n\t\t\t\t\t\t\t<\/div>\n\t\t<\/div>\n\t\t\t\t<div class=\"elementor-element elementor-element-e3e2eb4 elementor-widget-tablet__width-initial elementor-widget-mobile__width-inherit elementor--h-position-center elementor--v-position-middle elementor-arrows-position-inside elementor-widget elementor-widget-slides\" data-id=\"e3e2eb4\" data-element_type=\"widget\" data-settings=\"{&quot;navigation&quot;:&quot;arrows&quot;,&quot;_animation&quot;:&quot;none&quot;,&quot;autoplay&quot;:&quot;yes&quot;,&quot;pause_on_interaction&quot;:&quot;yes&quot;,&quot;autoplay_speed&quot;:5000,&quot;infinite&quot;:&quot;yes&quot;,&quot;transition&quot;:&quot;slide&quot;,&quot;transition_speed&quot;:500}\" data-widget_type=\"slides.default\">\n\t\t\t\t<div class=\"elementor-widget-container\">\n\t\t\t<style>\/*! pro-elements - v3.15.0 - 09-08-2023 *\/\n.elementor-slides .swiper-slide-bg{background-size:cover;background-position:50%;background-repeat:no-repeat;min-width:100%;min-height:100%}.elementor-slides .swiper-slide-inner{background-repeat:no-repeat;background-position:50%;position:absolute;top:0;left:0;bottom:0;right:0;padding:50px;margin:auto}.elementor-slides .swiper-slide-inner,.elementor-slides .swiper-slide-inner:hover{color:#fff;display:flex}.elementor-slides .swiper-slide-inner .elementor-background-overlay{position:absolute;z-index:0;top:0;bottom:0;left:0;right:0}.elementor-slides .swiper-slide-inner .elementor-slide-content{position:relative;z-index:1;width:100%}.elementor-slides .swiper-slide-inner .elementor-slide-heading{font-size:35px;font-weight:700;line-height:1}.elementor-slides .swiper-slide-inner .elementor-slide-description{font-size:17px;line-height:1.4}.elementor-slides .swiper-slide-inner .elementor-slide-description:not(:last-child),.elementor-slides .swiper-slide-inner .elementor-slide-heading:not(:last-child){margin-bottom:30px}.elementor-slides .swiper-slide-inner .elementor-slide-button{border:2px solid #fff;color:#fff;background:transparent;display:inline-block}.elementor-slides .swiper-slide-inner .elementor-slide-button,.elementor-slides .swiper-slide-inner .elementor-slide-button:hover{background:transparent;color:inherit;text-decoration:none}.elementor--v-position-top .swiper-slide-inner{align-items:flex-start}.elementor--v-position-bottom .swiper-slide-inner{align-items:flex-end}.elementor--v-position-middle .swiper-slide-inner{align-items:center}.elementor--h-position-left .swiper-slide-inner{justify-content:flex-start}.elementor--h-position-right .swiper-slide-inner{justify-content:flex-end}.elementor--h-position-center .swiper-slide-inner{justify-content:center}body.rtl .elementor-widget-slides .elementor-swiper-button-next{left:10px;right:auto}body.rtl .elementor-widget-slides .elementor-swiper-button-prev{right:10px;left:auto}.elementor-slides-wrapper div:not(.swiper-slide)>.swiper-slide-inner{display:none}@media (max-width:767px){.elementor-slides .swiper-slide-inner{padding:30px}.elementor-slides .swiper-slide-inner .elementor-slide-heading{font-size:23px;line-height:1;margin-bottom:15px}.elementor-slides .swiper-slide-inner .elementor-slide-description{font-size:13px;line-height:1.4;margin-bottom:15px}}<\/style>\t\t<div class=\"elementor-swiper\">\n\t\t\t<div class=\"elementor-slides-wrapper elementor-main-swiper swiper\" dir=\"ltr\" data-animation=\"\">\n\t\t\t\t<div class=\"swiper-wrapper elementor-slides\">\n\t\t\t\t\t\t\t\t\t\t<div class=\"elementor-repeater-item-a34caa3 swiper-slide\"><div class=\"swiper-slide-bg elementor-ken-burns elementor-ken-burns--in\" role=\"img\"><\/div><div class=\"elementor-background-overlay\"><\/div><div class=\"swiper-slide-inner\" ><div class=\"swiper-slide-contents\"><div class=\"elementor-slide-heading\">PRZEJD\u0179 NA WY\u017bSZY POZIOM ZDROWIA I FORMY FIZYCZNEJ<\/div><div class=\"elementor-slide-description\">Odkryj rewolucyjny trening personalny w Studio Formy \u2013 Twoja droga do osi\u0105gni\u0119cia wspania\u0142ej formy fizycznej i zdrowia!<\/div><a href=\"https:\/\/studioformy.com.pl\/?page_id=3322\" class=\"elementor-button elementor-slide-button elementor-size-lg\">DOWIEDZ SI\u0118 WI\u0118CEJ<\/a><\/div><\/div><\/div><div class=\"elementor-repeater-item-7d1a667 swiper-slide\"><div class=\"swiper-slide-bg elementor-ken-burns elementor-ken-burns--in\" role=\"img\"><\/div><div class=\"elementor-background-overlay\"><\/div><div class=\"swiper-slide-inner\" ><div class=\"swiper-slide-contents\"><div class=\"elementor-slide-heading\">INTENSYWNY TRENING EKSCYTUJ\u0104CE WYNIKI<\/div><div class=\"elementor-slide-description\">Do\u0142\u0105cz do naszego studia i do\u015bwiadcz intensywnych trening\u00f3w, kt\u00f3re przynios\u0105 Ci ekscytuj\u0105ce rezultaty. Wyzwij swoje granice i osi\u0105gnij swoje cele fitness. Z nami ka\u017cdy trening to krok w stron\u0119 lepszej wersji siebie.<\/div><a href=\"https:\/\/studioformy.com.pl\/?page_id=3322\" class=\"elementor-button elementor-slide-button elementor-size-lg\">DOWIEDZ SI\u0118 WI\u0118CEJ<\/a><\/div><\/div><\/div><div class=\"elementor-repeater-item-4a27512 swiper-slide\"><div class=\"swiper-slide-bg elementor-ken-burns elementor-ken-burns--in\" role=\"img\"><\/div><div class=\"elementor-background-overlay\"><\/div><div class=\"swiper-slide-inner\" ><div class=\"swiper-slide-contents\"><div class=\"elementor-slide-heading\">PRZYJMIJ WYZWANIE, OSI\u0104GNIJ SUKCES<\/div><div class=\"elementor-slide-description\">Gotowy na wyzwanie? W naszym studiu oferujemy Ci mo\u017cliwo\u015b\u0107 podj\u0119cia ekscytuj\u0105cych wyzwa\u0144 treningowych, kt\u00f3re poprowadz\u0105 Ci\u0119 do osi\u0105gni\u0119cia sukcesu. Zbuduj si\u0142\u0119, wytrzyma\u0142o\u015b\u0107 i sylwetk\u0119, kt\u00f3rej zawsze pragn\u0105\u0142e\u015b. Niech Tw\u00f3j sukces stanie si\u0119 motorem do dalszych osi\u0105gni\u0119\u0107!<\/div><a href=\"https:\/\/studioformy.com.pl\/?page_id=3322\" class=\"elementor-button elementor-slide-button elementor-size-lg\">DOWIEDZ SI\u0118 WI\u0118CEJ<\/a><\/div><\/div><\/div>\t\t\t\t<\/div>\n\t\t\t\t\t\t\t\t\t\t\t\t\t\t\t\t\t\t\t\t<div class=\"elementor-swiper-button elementor-swiper-button-prev\" role=\"button\" tabindex=\"0\">\n\t\t\t\t\t\t\t<i aria-hidden=\"true\" class=\"eicon-chevron-left\"><\/i>\t\t\t\t\t\t\t<span class=\"elementor-screen-only\">Previous slide<\/span>\n\t\t\t\t\t\t<\/div>\n\t\t\t\t\t\t<div class=\"elementor-swiper-button elementor-swiper-button-next\" role=\"button\" tabindex=\"0\">\n\t\t\t\t\t\t\t<i aria-hidden=\"true\" class=\"eicon-chevron-right\"><\/i>\t\t\t\t\t\t\t<span class=\"elementor-screen-only\">Next slide<\/span>\n\t\t\t\t\t\t<\/div>\n\t\t\t\t\t\t\t\t\t\t\t\t<\/div>\n\t\t<\/div>\n\t\t\t\t<\/div>\n\t\t\t\t<\/div>\n\t\t\t\t\t<\/div>\n\t\t<\/div>\n\t\t\t\t\t\t\t<\/div>\n\t\t<\/div>\n\t\t\t\t<section class=\"elementor-section elementor-top-section elementor-element elementor-element-2dc0165 elementor-section-boxed elementor-section-height-default elementor-section-height-default\" data-id=\"2dc0165\" data-element_type=\"section\">\n\t\t\t\t\t\t<div class=\"elementor-container elementor-column-gap-default\">\n\t\t\t\t\t<div class=\"elementor-column elementor-col-100 elementor-top-column elementor-element elementor-element-1be0c78\" data-id=\"1be0c78\" data-element_type=\"column\">\n\t\t\t<div class=\"elementor-widget-wrap\">\n\t\t\t\t\t\t\t\t\t<\/div>\n\t\t<\/div>\n\t\t\t\t\t\t\t<\/div>\n\t\t<\/section>\n\t\t\t\t\t\t\t<\/div>\n\t\t","protected":false},"excerpt":{"rendered":"<p>PRZEJD\u0179 NA WY\u017bSZY POZIOM ZDROWIA I FORMY FIZYCZNEJOdkryj rewolucyjny trening personalny w Studio Formy \u2013 Twoja droga do osi\u0105gni\u0119cia wspania\u0142ej formy fizycznej i zdrowia!DOWIEDZ SI\u0118 WI\u0118CEJINTENSYWNY TRENING EKSCYTUJ\u0104CE WYNIKIDo\u0142\u0105cz do naszego studia i do\u015bwiadcz intensywnych trening\u00f3w, kt\u00f3re przynios\u0105 Ci ekscytuj\u0105ce rezultaty. Wyzwij swoje granice i osi\u0105gnij swoje cele fitness. Z nami ka\u017cdy trening to krok [&hellip;]<\/p>\n","protected":false},"author":1,"featured_media":0,"parent":0,"menu_order":0,"comment_status":"closed","ping_status":"closed","template":"","meta":{"om_disable_all_campaigns":false,"_mi_skip_tracking":false,"_monsterinsights_sitenote_active":false,"_monsterinsights_sitenote_note":"","_monsterinsights_sitenote_category":0,"footnotes":""},"acf":[],"aioseo_notices":[],"_links":{"self":[{"href":"https:\/\/studioformy.com.pl\/index.php?rest_route=\/wp\/v2\/pages\/4333"}],"collection":[{"href":"https:\/\/studioformy.com.pl\/index.php?rest_route=\/wp\/v2\/pages"}],"about":[{"href":"https:\/\/studioformy.com.pl\/index.php?rest_route=\/wp\/v2\/types\/page"}],"author":[{"embeddable":true,"href":"https:\/\/studioformy.com.pl\/index.php?rest_route=\/wp\/v2\/users\/1"}],"replies":[{"embeddable":true,"href":"https:\/\/studioformy.com.pl\/index.php?rest_route=%2Fwp%2Fv2%2Fcomments&post=4333"}],"version-history":[{"count":216,"href":"https:\/\/studioformy.com.pl\/index.php?rest_route=\/wp\/v2\/pages\/4333\/revisions"}],"predecessor-version":[{"id":6708,"href":"https:\/\/studioformy.com.pl\/index.php?rest_route=\/wp\/v2\/pages\/4333\/revisions\/6708"}],"wp:attachment":[{"href":"https:\/\/studioformy.com.pl\/index.php?rest_route=%2Fwp%2Fv2%2Fmedia&parent=4333"}],"curies":[{"name":"wp","href":"https:\/\/api.w.org\/{rel}","templated":true}]}}