{"id":3383,"date":"2020-07-30T17:25:10","date_gmt":"2020-07-30T11:55:10","guid":{"rendered":"http:\/\/testing.techfusiontechnologies.com\/wordpress\/?page_id=3383"},"modified":"2023-07-27T09:11:45","modified_gmt":"2023-07-27T08:11:45","slug":"pricing-plans-2","status":"publish","type":"page","link":"https:\/\/studioformy.com.pl\/?page_id=3383","title":{"rendered":"Cennik"},"content":{"rendered":"\t\t<div data-elementor-type=\"wp-page\" data-elementor-id=\"3383\" class=\"elementor elementor-3383\" data-elementor-post-type=\"page\">\n\t\t\t\t\t\t\t\t\t<div class=\"elementor-section elementor-top-section elementor-element elementor-element-4dcebe3d elementor-section-boxed elementor-section-height-default elementor-section-height-default\" data-id=\"4dcebe3d\" data-element_type=\"section\">\n\t\t\t\t\t\t<div class=\"elementor-container elementor-column-gap-default\">\n\t\t\t\t\t<div class=\"elementor-column elementor-col-100 elementor-top-column elementor-element elementor-element-2639b962\" data-id=\"2639b962\" data-element_type=\"column\">\n\t\t\t<div class=\"elementor-widget-wrap elementor-element-populated\">\n\t\t\t\t\t\t\t\t<div class=\"elementor-section elementor-inner-section elementor-element elementor-element-2922f85f elementor-section-boxed elementor-section-height-default elementor-section-height-default\" data-id=\"2922f85f\" data-element_type=\"section\">\n\t\t\t\t\t\t<div class=\"elementor-container elementor-column-gap-default\">\n\t\t\t\t\t<div class=\"elementor-column elementor-col-100 elementor-inner-column elementor-element elementor-element-1bd5b128\" data-id=\"1bd5b128\" data-element_type=\"column\">\n\t\t\t<div class=\"elementor-widget-wrap elementor-element-populated\">\n\t\t\t\t\t\t\t\t<div class=\"elementor-element elementor-element-70434b82 elementor-widget elementor-widget-section_title\" data-id=\"70434b82\" data-element_type=\"widget\" data-widget_type=\"section_title.default\">\n\t\t\t\t<div class=\"elementor-widget-container\">\n\t\t\t\r\n\r\n\r\n\r\n<div class=\"pt-section-title-box text-center\">   \r\n   \t\t<span class=\"pt-section-sub-title\">CENNIK<\/span>     \t<h5 class=\"pt-section-title\">CENNIK<\/h5>     \t<p class=\"pt-section-description\"><p>\u00a0Nasze nowoczesne i profesjonalnie wyposa\u017cone studio zosta\u0142o stworzone z my\u015bl\u0105 o zapewnieniu Ci komfortu i optymalnych warunk\u00f3w treningowych. Dbamy o najwy\u017csz\u0105 jako\u015b\u0107 naszych us\u0142ug, zapewniaj\u0105c dost\u0119p do wysokiej klasy sprz\u0119tu treningowego oraz do\u015bwiadczonego zespo\u0142u trener\u00f3w personalnych. Nasze studio to miejsce, w kt\u00f3rym mo\u017cesz czu\u0107 si\u0119 bezpiecznie i swobodnie, a jednocze\u015bnie skupi\u0107 si\u0119 na osi\u0105ganiu swoich cel\u00f3w fitness. Nasze wysokie standardy obejmuj\u0105 r\u00f3wnie\u017c indywidualne podej\u015bcie do ka\u017cdego klienta, profesjonalizm, higien\u0119 oraz pozytywn\u0105 atmosfer\u0119, kt\u00f3ra sprzyja motywacji i osi\u0105ganiu sukces\u00f3w. Nasze ceny s\u0105 uczciwe i transparentne, zapewniaj\u0105c wysok\u0105 jako\u015b\u0107 trening\u00f3w w stosunku do ich warto\u015bci. Zdajemy sobie spraw\u0119, \u017ce ka\u017cda osoba ma inne cele i bud\u017cet, dlatego d\u0105\u017cymy do zapewnienia dost\u0119pno\u015bci naszych us\u0142ug dla szerokiej gamy klient\u00f3w. Z naszym cennikiem mo\u017cesz wybra\u0107 opcj\u0119, kt\u00f3ra najlepiej odpowiada Twoim potrzebom i mo\u017cliwo\u015bciom.<\/p>   \r\n<\/div>\t\t<\/div>\n\t\t\t\t<\/div>\n\t\t\t\t\t<\/div>\n\t\t<\/div>\n\t\t\t\t\t\t\t<\/div>\n\t\t<\/div>\n\t\t\t\t<section class=\"elementor-section elementor-inner-section elementor-element elementor-element-45e7e72d elementor-section-boxed elementor-section-height-default elementor-section-height-default\" data-id=\"45e7e72d\" data-element_type=\"section\">\n\t\t\t\t\t\t<div class=\"elementor-container elementor-column-gap-default\">\n\t\t\t\t\t<div class=\"elementor-column elementor-col-33 elementor-inner-column elementor-element elementor-element-616260d6\" data-id=\"616260d6\" data-element_type=\"column\">\n\t\t\t<div class=\"elementor-widget-wrap elementor-element-populated\">\n\t\t\t\t\t\t\t\t<div class=\"elementor-element elementor-element-b67d905 elementor-widget elementor-widget-gymster_Price\" data-id=\"b67d905\" data-element_type=\"widget\" data-widget_type=\"gymster_Price.default\">\n\t\t\t\t<div class=\"elementor-widget-container\">\n\t\t\t\t\t          \r\n  <div  class=\"pt-price-block-2 text-center\">\r\n            \r\n    <div class=\"pt-price-detail\">\r\n        <span class=\"pt-price-title\">  <\/span>\r\n        <h2 class=\"price\">Z\u0141 660<\/h2>\r\n        <p class=\"pt-price-duration\">\/ 12 trening\u00f3w w grupie czteroosobowej<\/p>\r\n                            <div class=\"pt-bg-effect\">\r\n                            <img decoding=\"async\" src=\"http:\/\/testing.techfusiontechnologies.com\/wordpress\/wp-content\/uploads\/2020\/07\/blog-9.jpg\" alt=\"gym-image\" \/>\r\n\r\n                        <\/div>\r\n                  <\/div>  \r\n            \r\n        <ul class=\"pt-list-info\">\r\n                        <li>\r\n                                                                                \r\n                        \r\n                                                                            \r\n                <\/li>\r\n                                    \r\n                            <\/ul>\r\n\r\n             <div class=\"pt-btn-container\">\r\n    <div class=\"pt-button-block\">\r\n\t\t\t<a class=\"pt-button\" href=\"https:\/\/studioformy.com.pl\/?page_id=3322\">\r\n      <span class=\"pt-button-line-left\"><\/span>\r\n\t\t\t<span class=\"text\">ZAM\u00d3W<\/span>\r\n\t\t\t<\/a>\r\n    <\/div>  \r\n<\/div>\r\n           \r\n            <\/div>\r\n         \t\t<\/div>\n\t\t\t\t<\/div>\n\t\t\t\t\t<\/div>\n\t\t<\/div>\n\t\t\t\t<div class=\"elementor-column elementor-col-33 elementor-inner-column elementor-element elementor-element-9acea73\" data-id=\"9acea73\" data-element_type=\"column\">\n\t\t\t<div class=\"elementor-widget-wrap elementor-element-populated\">\n\t\t\t\t\t\t\t\t<div class=\"elementor-element elementor-element-14d7771e elementor-widget elementor-widget-gymster_Price\" data-id=\"14d7771e\" data-element_type=\"widget\" data-widget_type=\"gymster_Price.default\">\n\t\t\t\t<div class=\"elementor-widget-container\">\n\t\t\t          \r\n  <div  class=\"pt-price-block-2 text-center\">\r\n            \r\n    <div class=\"pt-price-detail\">\r\n        <span class=\"pt-price-title\"> Nabardziej popularny <\/span>\r\n        <h2 class=\"price\">Z\u0141 720<\/h2>\r\n        <p class=\"pt-price-duration\">\/ 12 trening\u00f3w w grupie trzyosobowej<\/p>\r\n                            <div class=\"pt-bg-effect\">\r\n                            <img decoding=\"async\" src=\"http:\/\/testing.techfusiontechnologies.com\/wordpress\/wp-content\/uploads\/2020\/07\/blog-9.jpg\" alt=\"gym-image\" \/>\r\n\r\n                        <\/div>\r\n                  <\/div>  \r\n            \r\n        <ul class=\"pt-list-info\">\r\n                        <li>\r\n                                                                                \r\n                        \r\n                                                                            \r\n                <\/li>\r\n                                    \r\n                            <\/ul>\r\n\r\n             <div class=\"pt-btn-container\">\r\n    <div class=\"pt-button-block\">\r\n\t\t\t<a class=\"pt-button\" href=\"https:\/\/studioformy.com.pl\/?page_id=3322\">\r\n      <span class=\"pt-button-line-left\"><\/span>\r\n\t\t\t<span class=\"text\">ZAM\u00d3W<\/span>\r\n\t\t\t<\/a>\r\n    <\/div>  \r\n<\/div>\r\n           \r\n            <\/div>\r\n         \t\t<\/div>\n\t\t\t\t<\/div>\n\t\t\t\t\t<\/div>\n\t\t<\/div>\n\t\t\t\t<div class=\"elementor-column elementor-col-33 elementor-inner-column elementor-element elementor-element-648d6791\" data-id=\"648d6791\" data-element_type=\"column\">\n\t\t\t<div class=\"elementor-widget-wrap elementor-element-populated\">\n\t\t\t\t\t\t\t\t<div class=\"elementor-element elementor-element-e1ff649 elementor-widget elementor-widget-gymster_Price\" data-id=\"e1ff649\" data-element_type=\"widget\" data-widget_type=\"gymster_Price.default\">\n\t\t\t\t<div class=\"elementor-widget-container\">\n\t\t\t          \r\n  <div  class=\"pt-price-block-2 text-center\">\r\n            \r\n    <div class=\"pt-price-detail\">\r\n        <span class=\"pt-price-title\">  <\/span>\r\n        <h2 class=\"price\">Z\u0141 840<\/h2>\r\n        <p class=\"pt-price-duration\">\/ 12 trening\u00f3w w grupie dwuosobowej<\/p>\r\n                            <div class=\"pt-bg-effect\">\r\n                            <img decoding=\"async\" src=\"http:\/\/testing.techfusiontechnologies.com\/wordpress\/wp-content\/uploads\/2020\/07\/blog-10.jpg\" alt=\"gym-image\" \/>\r\n\r\n                        <\/div>\r\n                  <\/div>  \r\n            \r\n        <ul class=\"pt-list-info\">\r\n                        <li>\r\n                                                                                \r\n                        \r\n                                                                            \r\n                <\/li>\r\n                                    \r\n                            <\/ul>\r\n\r\n             <div class=\"pt-btn-container\">\r\n    <div class=\"pt-button-block\">\r\n\t\t\t<a class=\"pt-button\" href=\"https:\/\/studioformy.com.pl\/?page_id=3322\">\r\n      <span class=\"pt-button-line-left\"><\/span>\r\n\t\t\t<span class=\"text\">ZAM\u00d3W<\/span>\r\n\t\t\t<\/a>\r\n    <\/div>  \r\n<\/div>\r\n           \r\n            <\/div>\r\n         \t\t<\/div>\n\t\t\t\t<\/div>\n\t\t\t\t<div class=\"elementor-element elementor-element-a77bb05 elementor-widget elementor-widget-gymster_Price\" data-id=\"a77bb05\" data-element_type=\"widget\" data-widget_type=\"gymster_Price.default\">\n\t\t\t\t<div class=\"elementor-widget-container\">\n\t\t\t          \r\n  <div  class=\"pt-price-block-2 text-center\">\r\n            \r\n    <div class=\"pt-price-detail\">\r\n        <span class=\"pt-price-title\"> najbardziej dopasowana opcja <\/span>\r\n        <h2 class=\"price\">Z\u0141 1080<\/h2>\r\n        <p class=\"pt-price-duration\">\/ 12 trening\u00f3w personalnych<\/p>\r\n                            <div class=\"pt-bg-effect\">\r\n                            <img decoding=\"async\" src=\"http:\/\/testing.techfusiontechnologies.com\/wordpress\/wp-content\/uploads\/2020\/07\/blog-10.jpg\" alt=\"gym-image\" \/>\r\n\r\n                        <\/div>\r\n                  <\/div>  \r\n            \r\n        <ul class=\"pt-list-info\">\r\n                        <li>\r\n                                                                                \r\n                        \r\n                                                                            \r\n                <\/li>\r\n                                    \r\n                            <\/ul>\r\n\r\n             <div class=\"pt-btn-container\">\r\n    <div class=\"pt-button-block\">\r\n\t\t\t<a class=\"pt-button\" href=\"https:\/\/studioformy.com.pl\/?page_id=3322\">\r\n      <span class=\"pt-button-line-left\"><\/span>\r\n\t\t\t<span class=\"text\">ZAM\u00d3W<\/span>\r\n\t\t\t<\/a>\r\n    <\/div>  \r\n<\/div>\r\n           \r\n            <\/div>\r\n         \t\t<\/div>\n\t\t\t\t<\/div>\n\t\t\t\t\t<\/div>\n\t\t<\/div>\n\t\t\t\t\t\t\t<\/div>\n\t\t<\/section>\n\t\t\t\t\t<\/div>\n\t\t<\/div>\n\t\t\t\t\t\t\t<\/div>\n\t\t<\/div>\n\t\t\t\t\t\t\t<\/div>\n\t\t","protected":false},"excerpt":{"rendered":"<p>CENNIK CENNIK \u00a0Nasze nowoczesne i profesjonalnie wyposa\u017cone studio zosta\u0142o stworzone z my\u015bl\u0105 o zapewnieniu Ci komfortu i optymalnych warunk\u00f3w treningowych. Dbamy o najwy\u017csz\u0105 jako\u015b\u0107 naszych us\u0142ug, zapewniaj\u0105c dost\u0119p do wysokiej klasy sprz\u0119tu treningowego oraz do\u015bwiadczonego zespo\u0142u trener\u00f3w personalnych. Nasze studio to miejsce, w kt\u00f3rym mo\u017cesz czu\u0107 si\u0119 bezpiecznie i swobodnie, a jednocze\u015bnie skupi\u0107 si\u0119 na [&hellip;]<\/p>\n","protected":false},"author":1,"featured_media":0,"parent":0,"menu_order":0,"comment_status":"closed","ping_status":"closed","template":"","meta":{"om_disable_all_campaigns":false,"_mi_skip_tracking":false,"_monsterinsights_sitenote_active":false,"_monsterinsights_sitenote_note":"","_monsterinsights_sitenote_category":0,"footnotes":""},"acf":[],"aioseo_notices":[],"_links":{"self":[{"href":"https:\/\/studioformy.com.pl\/index.php?rest_route=\/wp\/v2\/pages\/3383"}],"collection":[{"href":"https:\/\/studioformy.com.pl\/index.php?rest_route=\/wp\/v2\/pages"}],"about":[{"href":"https:\/\/studioformy.com.pl\/index.php?rest_route=\/wp\/v2\/types\/page"}],"author":[{"embeddable":true,"href":"https:\/\/studioformy.com.pl\/index.php?rest_route=\/wp\/v2\/users\/1"}],"replies":[{"embeddable":true,"href":"https:\/\/studioformy.com.pl\/index.php?rest_route=%2Fwp%2Fv2%2Fcomments&post=3383"}],"version-history":[{"count":33,"href":"https:\/\/studioformy.com.pl\/index.php?rest_route=\/wp\/v2\/pages\/3383\/revisions"}],"predecessor-version":[{"id":6497,"href":"https:\/\/studioformy.com.pl\/index.php?rest_route=\/wp\/v2\/pages\/3383\/revisions\/6497"}],"wp:attachment":[{"href":"https:\/\/studioformy.com.pl\/index.php?rest_route=%2Fwp%2Fv2%2Fmedia&parent=3383"}],"curies":[{"name":"wp","href":"https:\/\/api.w.org\/{rel}","templated":true}]}}