{"id":3317,"date":"2020-07-30T15:27:30","date_gmt":"2020-07-30T09:57:30","guid":{"rendered":"http:\/\/testing.techfusiontechnologies.com\/wordpress\/?page_id=3317"},"modified":"2024-11-28T21:13:54","modified_gmt":"2024-11-28T20:13:54","slug":"faq","status":"publish","type":"page","link":"https:\/\/studioformy.com.pl\/?page_id=3317","title":{"rendered":"FAQ"},"content":{"rendered":"\t\t<div data-elementor-type=\"wp-page\" data-elementor-id=\"3317\" class=\"elementor elementor-3317\" data-elementor-post-type=\"page\">\n\t\t\t\t\t\t\t\t\t<div class=\"elementor-section elementor-top-section elementor-element elementor-element-d5dec3f elementor-section-boxed elementor-section-height-default elementor-section-height-default\" data-id=\"d5dec3f\" data-element_type=\"section\">\n\t\t\t\t\t\t<div class=\"elementor-container elementor-column-gap-default\">\n\t\t\t\t\t<div class=\"elementor-column elementor-col-100 elementor-top-column elementor-element elementor-element-225ced4\" data-id=\"225ced4\" data-element_type=\"column\">\n\t\t\t<div class=\"elementor-widget-wrap elementor-element-populated\">\n\t\t\t\t\t\t\t\t<div class=\"elementor-section elementor-inner-section elementor-element elementor-element-bdef4cb elementor-section-boxed elementor-section-height-default elementor-section-height-default\" data-id=\"bdef4cb\" data-element_type=\"section\">\n\t\t\t\t\t\t<div class=\"elementor-container elementor-column-gap-default\">\n\t\t\t\t\t<div class=\"elementor-column elementor-col-50 elementor-inner-column elementor-element elementor-element-47a0445\" data-id=\"47a0445\" data-element_type=\"column\">\n\t\t\t<div class=\"elementor-widget-wrap elementor-element-populated\">\n\t\t\t\t\t\t\t\t<div class=\"elementor-element elementor-element-6df6f2d elementor-widget elementor-widget-section_title\" data-id=\"6df6f2d\" data-element_type=\"widget\" data-widget_type=\"section_title.default\">\n\t\t\t\t<div class=\"elementor-widget-container\">\n\t\t\t\r\n\r\n\r\n\r\n<div class=\"pt-section-title-box \">   \r\n   \t\t     \t<h2 class=\"pt-section-title\">Najcz\u0119\u015bciej zadawane pytania<\/h2>     \t<p class=\"pt-section-description\">   \r\n<\/div>\t\t<\/div>\n\t\t\t\t<\/div>\n\t\t\t\t<div class=\"elementor-element elementor-element-ba25a91 elementor-widget elementor-widget-gymster_core_accordion\" data-id=\"ba25a91\" data-element_type=\"widget\" data-widget_type=\"gymster_core_accordion.default\">\n\t\t\t\t<div class=\"elementor-widget-container\">\n\t\t\t\r\n<div class=\"pt-accordion-block \" >\r\n\r\n  \r\n      \r\n\r\n    <div class=\"pt-accordion-box pt-active  1\">\r\n\r\n      <div class=\"pt-ad-title\">\r\n\r\n       \r\n\r\n        <h4 class=\"ad-title-text\">         \r\n\r\n          Jakie s\u0105 korzy\u015bci z treningu personalnego?  \r\n\r\n\r\n\r\n        <i aria-hidden=\"true\" class=\"ion ion-chevron-down active\"><\/i><i aria-hidden=\"true\" class=\"ion ion-chevron-up inactive\"><\/i>   \r\n\r\n        \r\n\r\n       <\/h4>\r\n\r\n\r\n\r\n      <\/div>\r\n\r\n  \r\n\r\n      <div class=\"pt-accordion-details\">\r\n\r\n        \r\n\r\n         <p class=\"pt-detail-text\"> Trening personalny oferuje wiele korzy\u015bci, takich jak indywidualne podej\u015bcie do treningu, dostosowane plany \u0107wicze\u0144, motywacj\u0119 i wsparcie trenera, popraw\u0119 si\u0142y, wytrzyma\u0142o\u015bci, elastyczno\u015bci, redukcj\u0119 masy cia\u0142a, zwi\u0119kszenie energii i og\u00f3ln\u0105 popraw\u0119 zdrowia i samopoczucia. <\/p>\r\n\r\n       \r\n\r\n      <\/div>\r\n\r\n    <\/div>\r\n\r\n   \r\n      \r\n\r\n    <div class=\"pt-accordion-box   2\">\r\n\r\n      <div class=\"pt-ad-title\">\r\n\r\n       \r\n\r\n        <h4 class=\"ad-title-text\">         \r\n\r\n          Czy musz\u0119 by\u0107 w dobrej formie fizycznej, aby rozpocz\u0105\u0107 treningi personalne?  \r\n\r\n\r\n\r\n        <i aria-hidden=\"true\" class=\"ion ion-chevron-down active\"><\/i><i aria-hidden=\"true\" class=\"ion ion-chevron-up inactive\"><\/i>   \r\n\r\n        \r\n\r\n       <\/h4>\r\n\r\n\r\n\r\n      <\/div>\r\n\r\n  \r\n\r\n      <div class=\"pt-accordion-details\">\r\n\r\n        \r\n\r\n         <p class=\"pt-detail-text\"> Nie, trening personalny jest dostosowany do Twojego poziomu sprawno\u015bci i zdolno\u015bci fizycznych. Niezale\u017cnie od Twojego stanu aktualnej formy, trener pomo\u017ce Ci opracowa\u0107 plan treningowy odpowiedni dla Twoich potrzeb i stopniowo poprowadzi Ci\u0119 do osi\u0105gni\u0119cia Twoich cel\u00f3w. <\/p>\r\n\r\n       \r\n\r\n      <\/div>\r\n\r\n    <\/div>\r\n\r\n   \r\n      \r\n\r\n    <div class=\"pt-accordion-box   3\">\r\n\r\n      <div class=\"pt-ad-title\">\r\n\r\n       \r\n\r\n        <h4 class=\"ad-title-text\">         \r\n\r\n          Jak cz\u0119sto powinienem ucz\u0119szcza\u0107 na treningi personalne?  \r\n\r\n\r\n\r\n        <i aria-hidden=\"true\" class=\"ion ion-chevron-down active\"><\/i><i aria-hidden=\"true\" class=\"ion ion-chevron-up inactive\"><\/i>   \r\n\r\n        \r\n\r\n       <\/h4>\r\n\r\n\r\n\r\n      <\/div>\r\n\r\n  \r\n\r\n      <div class=\"pt-accordion-details\">\r\n\r\n        \r\n\r\n         <p class=\"pt-detail-text\"> Optymalna cz\u0119stotliwo\u015b\u0107 trening\u00f3w personalnych zale\u017cy od Twoich cel\u00f3w, harmonogramu i indywidualnych preferencji. Zwykle zaleca si\u0119 ucz\u0119szczanie na treningi od 2 do 3 razy w tygodniu, aby osi\u0105gn\u0105\u0107 optymalne wyniki. <\/p>\r\n\r\n       \r\n\r\n      <\/div>\r\n\r\n    <\/div>\r\n\r\n   \r\n      \r\n\r\n    <div class=\"pt-accordion-box   4\">\r\n\r\n      <div class=\"pt-ad-title\">\r\n\r\n       \r\n\r\n        <h4 class=\"ad-title-text\">         \r\n\r\n          Czy oferujecie plany dietetyczne jako cz\u0119\u015b\u0107 trening\u00f3w personalnych?  \r\n\r\n\r\n\r\n        <i aria-hidden=\"true\" class=\"ion ion-chevron-down active\"><\/i><i aria-hidden=\"true\" class=\"ion ion-chevron-up inactive\"><\/i>   \r\n\r\n        \r\n\r\n       <\/h4>\r\n\r\n\r\n\r\n      <\/div>\r\n\r\n  \r\n\r\n      <div class=\"pt-accordion-details\">\r\n\r\n        \r\n\r\n         <p class=\"pt-detail-text\"> Jeste\u015bmy specjalistami w treningu personalnym, udzielamy wskaz\u00f3wek i porad dietetycznych, ale kompleksow\u0105 wsp\u00f3\u0142prac\u0119 polecamy u wsp\u00f3\u0142pracuj\u0105cego z nami dietetyka. <\/p>\r\n\r\n       \r\n\r\n      <\/div>\r\n\r\n    <\/div>\r\n\r\n   \r\n      \r\n\r\n    <div class=\"pt-accordion-box   5\">\r\n\r\n      <div class=\"pt-ad-title\">\r\n\r\n       \r\n\r\n        <h4 class=\"ad-title-text\">         \r\n\r\n          Jaki jest czas trwania i koszt treningu personalnego?  \r\n\r\n\r\n\r\n        <i aria-hidden=\"true\" class=\"ion ion-chevron-down active\"><\/i><i aria-hidden=\"true\" class=\"ion ion-chevron-up inactive\"><\/i>   \r\n\r\n        \r\n\r\n       <\/h4>\r\n\r\n\r\n\r\n      <\/div>\r\n\r\n  \r\n\r\n      <div class=\"pt-accordion-details\">\r\n\r\n        \r\n\r\n         <p class=\"pt-detail-text\"> Czas trwania treningu personalnego zale\u017cy od wybranego pakietu i indywidualnych preferencji. Najcz\u0119\u015bciej trening trwa 60-80 minut. Co do kosztu, zapraszamy do zapoznania si\u0119 z naszym cennikiem, kt\u00f3ry dost\u0119pny jest w zak\u0142adce &#8220;CENNIK&#8221;. <\/p>\r\n\r\n       \r\n\r\n      <\/div>\r\n\r\n    <\/div>\r\n\r\n   \r\n      \r\n\r\n    <div class=\"pt-accordion-box   6\">\r\n\r\n      <div class=\"pt-ad-title\">\r\n\r\n       \r\n\r\n        <h4 class=\"ad-title-text\">         \r\n\r\n          Czy mog\u0119 zapisa\u0107 si\u0119 na pojedyncze sesje treningowe, czy wymagane jest zakupienie pakietu?  \r\n\r\n\r\n\r\n        <i aria-hidden=\"true\" class=\"ion ion-chevron-down active\"><\/i><i aria-hidden=\"true\" class=\"ion ion-chevron-up inactive\"><\/i>   \r\n\r\n        \r\n\r\n       <\/h4>\r\n\r\n\r\n\r\n      <\/div>\r\n\r\n  \r\n\r\n      <div class=\"pt-accordion-details\">\r\n\r\n        \r\n\r\n         <p class=\"pt-detail-text\"> Oferujemy zar\u00f3wno pojedyncze sesje treningowe, jak i r\u00f3\u017cne pakiety, aby sprosta\u0107 r\u00f3\u017cnym potrzebom naszych klient\u00f3w. Najbardziej korzystna jednak jest opcja wykupienia pakietu 12 jednostek treningowych. <\/p>\r\n\r\n       \r\n\r\n      <\/div>\r\n\r\n    <\/div>\r\n\r\n   \r\n      \r\n\r\n    <div class=\"pt-accordion-box   7\">\r\n\r\n      <div class=\"pt-ad-title\">\r\n\r\n       \r\n\r\n        <h4 class=\"ad-title-text\">         \r\n\r\n          Jakie s\u0105 kwalifikacje i do\u015bwiadczenie trener\u00f3w w Studiu Formy?  \r\n\r\n\r\n\r\n        <i aria-hidden=\"true\" class=\"ion ion-chevron-down active\"><\/i><i aria-hidden=\"true\" class=\"ion ion-chevron-up inactive\"><\/i>   \r\n\r\n        \r\n\r\n       <\/h4>\r\n\r\n\r\n\r\n      <\/div>\r\n\r\n  \r\n\r\n      <div class=\"pt-accordion-details\">\r\n\r\n        \r\n\r\n         <p class=\"pt-detail-text\"> W Studio Formy zatrudniamy do\u015bwiadczonych trener\u00f3w personalnych posiadaj\u0105cych odpowiednie kwalifikacje, w tym wykszta\u0142cenie w dziedzinie wychowania fizycznego i\/lub certyfikaty trenerskie. Nasi trenerzy maj\u0105 szerok\u0105 wiedz\u0119 i do\u015bwiadczenie w prowadzeniu trening\u00f3w personalnych oraz pomaganiu klientom w osi\u0105ganiu swoich cel\u00f3w fitness. <\/p>\r\n\r\n       \r\n\r\n      <\/div>\r\n\r\n    <\/div>\r\n\r\n   \r\n      \r\n\r\n    <div class=\"pt-accordion-box   8\">\r\n\r\n      <div class=\"pt-ad-title\">\r\n\r\n       \r\n\r\n        <h4 class=\"ad-title-text\">         \r\n\r\n          Czy mog\u0119 trenowa\u0107 w grupie, czy oferujecie tylko treningi indywidualne?  \r\n\r\n\r\n\r\n        <i aria-hidden=\"true\" class=\"ion ion-chevron-down active\"><\/i><i aria-hidden=\"true\" class=\"ion ion-chevron-up inactive\"><\/i>   \r\n\r\n        \r\n\r\n       <\/h4>\r\n\r\n\r\n\r\n      <\/div>\r\n\r\n  \r\n\r\n      <div class=\"pt-accordion-details\">\r\n\r\n        \r\n\r\n         <p class=\"pt-detail-text\"> W naszym studiu Formy oferujemy zar\u00f3wno treningi indywidualne, jak i treningi w grupach o niewielkiej liczbie uczestnik\u00f3w. Oba podej\u015bcia maj\u0105 swoje zalety, i zale\u017cy to od Twoich preferencji i cel\u00f3w treningowych. <\/p>\r\n\r\n       \r\n\r\n      <\/div>\r\n\r\n    <\/div>\r\n\r\n   \r\n      \r\n\r\n    <div class=\"pt-accordion-box   9\">\r\n\r\n      <div class=\"pt-ad-title\">\r\n\r\n       \r\n\r\n        <h4 class=\"ad-title-text\">         \r\n\r\n          Jakie s\u0105 zasady odwo\u0142ywania lub zmiany terminu treningu?   \r\n\r\n\r\n\r\n        <i aria-hidden=\"true\" class=\"ion ion-chevron-down active\"><\/i><i aria-hidden=\"true\" class=\"ion ion-chevron-up inactive\"><\/i>   \r\n\r\n        \r\n\r\n       <\/h4>\r\n\r\n\r\n\r\n      <\/div>\r\n\r\n  \r\n\r\n      <div class=\"pt-accordion-details\">\r\n\r\n        \r\n\r\n         <p class=\"pt-detail-text\"> Je\u017celi musisz odwo\u0142a\u0107 lub zmieni\u0107 termin treningu, prosimy o jak najwcze\u015bniejsze powiadomienie nas. Mamy elastyczne zasady odwo\u0142ywania i zmiany terminu, aby dostosowa\u0107 si\u0119 do Twoich potrzeb, jednak pami\u0119taj, \u017ce preferujemy powiadomienie z odpowiednim wyprzedzeniem. <\/p>\r\n\r\n       \r\n\r\n      <\/div>\r\n\r\n    <\/div>\r\n\r\n   \r\n      \r\n\r\n    <div class=\"pt-accordion-box   10\">\r\n\r\n      <div class=\"pt-ad-title\">\r\n\r\n       \r\n\r\n        <h4 class=\"ad-title-text\">         \r\n\r\n          Czy mog\u0119 trenowa\u0107, je\u015bli mam jakie\u015b kontuzje lub ograniczenia fizyczne?  \r\n\r\n\r\n\r\n        <i aria-hidden=\"true\" class=\"ion ion-chevron-down active\"><\/i><i aria-hidden=\"true\" class=\"ion ion-chevron-up inactive\"><\/i>   \r\n\r\n        \r\n\r\n       <\/h4>\r\n\r\n\r\n\r\n      <\/div>\r\n\r\n  \r\n\r\n      <div class=\"pt-accordion-details\">\r\n\r\n        \r\n\r\n         <p class=\"pt-detail-text\"> Nasze trenerzy personalni s\u0105 wykwalifikowani do pracy z r\u00f3\u017cnymi przypadkami kontuzji i ogranicze\u0144 fizycznych. Przed rozpocz\u0119ciem trening\u00f3w, om\u00f3wisz ze swoim trenerem swoje indywidualne potrzeby i ewentualne ograniczenia, aby dopasowa\u0107 plan treningowy do Twojej sytuacji. <\/p>\r\n\r\n       \r\n\r\n      <\/div>\r\n\r\n    <\/div>\r\n\r\n   \r\n      \r\n\r\n    <div class=\"pt-accordion-box   11\">\r\n\r\n      <div class=\"pt-ad-title\">\r\n\r\n       \r\n\r\n        <h4 class=\"ad-title-text\">         \r\n\r\n          Czy mog\u0119 zawiesi\u0107 sw\u00f3j karnet?  \r\n\r\n\r\n\r\n        <i aria-hidden=\"true\" class=\"ion ion-chevron-down active\"><\/i><i aria-hidden=\"true\" class=\"ion ion-chevron-up inactive\"><\/i>   \r\n\r\n        \r\n\r\n       <\/h4>\r\n\r\n\r\n\r\n      <\/div>\r\n\r\n  \r\n\r\n      <div class=\"pt-accordion-details\">\r\n\r\n        \r\n\r\n         <p class=\"pt-detail-text\"> Tak, istnieje mo\u017cliwo\u015b\u0107 zawieszenia pakietu kupionych trening\u00f3w w przypadku, gdy nie mo\u017cesz korzysta\u0107 z us\u0142ug przez okre\u015blony czas. W takim przypadku skontaktuj si\u0119 z nami i poinformuj nas o potrzebie zawieszenia trening\u00f3w. Postaramy si\u0119 znale\u017a\u0107 rozwi\u0105zanie, kt\u00f3re spe\u0142ni Twoje oczekiwania i dostosujemy si\u0119 do Twojej sytuacji. Pami\u0119taj, \u017ce okres zawieszenia pakietu mo\u017ce by\u0107 zale\u017cny od naszych warunk\u00f3w umowy i indywidualnych ustale\u0144. <\/p>\r\n\r\n       \r\n\r\n      <\/div>\r\n\r\n    <\/div>\r\n\r\n   \r\n      \r\n\r\n    <div class=\"pt-accordion-box   12\">\r\n\r\n      <div class=\"pt-ad-title\">\r\n\r\n       \r\n\r\n        <h4 class=\"ad-title-text\">         \r\n\r\n          Czy jest jaki\u015b odpowiedni wiek, aby zacz\u0105\u0107 \u0107wiczy\u0107?  \r\n\r\n\r\n\r\n        <i aria-hidden=\"true\" class=\"ion ion-chevron-down active\"><\/i><i aria-hidden=\"true\" class=\"ion ion-chevron-up inactive\"><\/i>   \r\n\r\n        \r\n\r\n       <\/h4>\r\n\r\n\r\n\r\n      <\/div>\r\n\r\n  \r\n\r\n      <div class=\"pt-accordion-details\">\r\n\r\n        \r\n\r\n         <p class=\"pt-detail-text\"> Nie ma jednoznacznie okre\u015blonego wieku, aby rozpocz\u0105\u0107 \u0107wiczenia. Treningi personalne mog\u0105 by\u0107 dostosowane do r\u00f3\u017cnych grup wiekowych i poziom\u00f3w sprawno\u015bci. Bez wzgl\u0119du na wiek, istnieje wiele korzy\u015bci p\u0142yn\u0105cych z aktywno\u015bci fizycznej i treningu, takich jak poprawa zdrowia, si\u0142y i elastyczno\u015bci. Wa\u017cne jest, aby przed rozpocz\u0119ciem trening\u00f3w skonsultowa\u0107 si\u0119 z lekarzem lub trenerem, aby oceni\u0107 swoje zdrowie i uzyska\u0107 zalecenia dotycz\u0105ce odpowiednich form \u0107wicze\u0144 oraz stopnia intensywno\u015bci. Nasz zesp\u00f3\u0142 trener\u00f3w personalnych jest wykwalifikowany do pracy z r\u00f3\u017cnymi grupami wiekowymi i pomo\u017ce Ci opracowa\u0107 bezpieczny i efektywny plan treningowy, niezale\u017cnie od Twojego wieku. <\/p>\r\n\r\n       \r\n\r\n      <\/div>\r\n\r\n    <\/div>\r\n\r\n   \r\n    \r\n\r\n  <\/div>        \t<script type=\"text\/javascript\">\r\n        \t\t \/*------------------------\r\n                Accordion\r\n                --------------------------*\/\r\n                jQuery('.pt-accordion-block .pt-accordion-box .pt-accordion-details').hide();\r\n                jQuery('.pt-accordion-block .pt-accordion-box:first').addClass('pt-active').children().slideDown('slow');\r\n                jQuery('.pt-accordion-block .pt-accordion-box').on(\"click\", function() {\r\n                    if (jQuery(this).children('div.pt-accordion-details').is(':hidden')) {\r\n                        jQuery('.pt-accordion-block .pt-accordion-box').removeClass('pt-active').children('div.pt-accordion-details').slideUp('slow');\r\n                        jQuery(this).toggleClass('pt-active').children('div.pt-accordion-details').slideDown('slow');\r\n                    }\r\n                });\r\n                \r\n        \t<\/script>\r\n        \t\t<\/div>\n\t\t\t\t<\/div>\n\t\t\t\t\t<\/div>\n\t\t<\/div>\n\t\t\t\t<div class=\"elementor-column elementor-col-50 elementor-inner-column elementor-element elementor-element-d638751\" data-id=\"d638751\" data-element_type=\"column\">\n\t\t\t<div class=\"elementor-widget-wrap elementor-element-populated\">\n\t\t\t\t\t\t\t\t\t<\/div>\n\t\t<\/div>\n\t\t\t\t\t\t\t<\/div>\n\t\t<\/div>\n\t\t\t\t\t<\/div>\n\t\t<\/div>\n\t\t\t\t\t\t\t<\/div>\n\t\t<\/div>\n\t\t\t\t\t\t\t<\/div>\n\t\t","protected":false},"excerpt":{"rendered":"<p>Najcz\u0119\u015bciej zadawane pytania Jakie s\u0105 korzy\u015bci z treningu personalnego? Trening personalny oferuje wiele korzy\u015bci, takich jak indywidualne podej\u015bcie do treningu, dostosowane plany \u0107wicze\u0144, motywacj\u0119 i wsparcie trenera, popraw\u0119 si\u0142y, wytrzyma\u0142o\u015bci, elastyczno\u015bci, redukcj\u0119 masy cia\u0142a, zwi\u0119kszenie energii i og\u00f3ln\u0105 popraw\u0119 zdrowia i samopoczucia. Czy musz\u0119 by\u0107 w dobrej formie fizycznej, aby rozpocz\u0105\u0107 treningi personalne? Nie, trening [&hellip;]<\/p>\n","protected":false},"author":1,"featured_media":0,"parent":0,"menu_order":0,"comment_status":"closed","ping_status":"closed","template":"","meta":{"om_disable_all_campaigns":false,"_mi_skip_tracking":false,"_monsterinsights_sitenote_active":false,"_monsterinsights_sitenote_note":"","_monsterinsights_sitenote_category":0,"footnotes":""},"acf":[],"aioseo_notices":[],"_links":{"self":[{"href":"https:\/\/studioformy.com.pl\/index.php?rest_route=\/wp\/v2\/pages\/3317"}],"collection":[{"href":"https:\/\/studioformy.com.pl\/index.php?rest_route=\/wp\/v2\/pages"}],"about":[{"href":"https:\/\/studioformy.com.pl\/index.php?rest_route=\/wp\/v2\/types\/page"}],"author":[{"embeddable":true,"href":"https:\/\/studioformy.com.pl\/index.php?rest_route=\/wp\/v2\/users\/1"}],"replies":[{"embeddable":true,"href":"https:\/\/studioformy.com.pl\/index.php?rest_route=%2Fwp%2Fv2%2Fcomments&post=3317"}],"version-history":[{"count":16,"href":"https:\/\/studioformy.com.pl\/index.php?rest_route=\/wp\/v2\/pages\/3317\/revisions"}],"predecessor-version":[{"id":6717,"href":"https:\/\/studioformy.com.pl\/index.php?rest_route=\/wp\/v2\/pages\/3317\/revisions\/6717"}],"wp:attachment":[{"href":"https:\/\/studioformy.com.pl\/index.php?rest_route=%2Fwp%2Fv2%2Fmedia&parent=3317"}],"curies":[{"name":"wp","href":"https:\/\/api.w.org\/{rel}","templated":true}]}}