{"id":3303,"date":"2020-07-30T15:25:03","date_gmt":"2020-07-30T09:55:03","guid":{"rendered":"http:\/\/testing.techfusiontechnologies.com\/wordpress\/?page_id=3303"},"modified":"2023-07-15T22:18:54","modified_gmt":"2023-07-15T21:18:54","slug":"our-team","status":"publish","type":"page","link":"https:\/\/studioformy.com.pl\/?page_id=3303","title":{"rendered":"Nasz Team"},"content":{"rendered":"\t\t<div data-elementor-type=\"wp-page\" data-elementor-id=\"3303\" class=\"elementor elementor-3303\" data-elementor-post-type=\"page\">\n\t\t\t\t\t\t\t\t\t<div class=\"elementor-section elementor-top-section elementor-element elementor-element-c915c1a elementor-section-boxed elementor-section-height-default elementor-section-height-default\" data-id=\"c915c1a\" data-element_type=\"section\">\n\t\t\t\t\t\t<div class=\"elementor-container elementor-column-gap-default\">\n\t\t\t\t\t<div class=\"elementor-column elementor-col-100 elementor-top-column elementor-element elementor-element-64622ea\" data-id=\"64622ea\" data-element_type=\"column\">\n\t\t\t<div class=\"elementor-widget-wrap elementor-element-populated\">\n\t\t\t\t\t\t\t\t<div class=\"elementor-section elementor-inner-section elementor-element elementor-element-5c0cd1e elementor-section-boxed elementor-section-height-default elementor-section-height-default\" data-id=\"5c0cd1e\" data-element_type=\"section\">\n\t\t\t\t\t\t<div class=\"elementor-container elementor-column-gap-default\">\n\t\t\t\t\t<div class=\"elementor-column elementor-col-100 elementor-inner-column elementor-element elementor-element-da273dc\" data-id=\"da273dc\" data-element_type=\"column\">\n\t\t\t<div class=\"elementor-widget-wrap elementor-element-populated\">\n\t\t\t\t\t\t\t\t<div class=\"elementor-element elementor-element-40cdab2 elementor-widget elementor-widget-section_title\" data-id=\"40cdab2\" data-element_type=\"widget\" data-widget_type=\"section_title.default\">\n\t\t\t\t<div class=\"elementor-widget-container\">\n\t\t\t\r\n\r\n\r\n\r\n<div class=\"pt-section-title-box text-center\">   \r\n   \t\t<span class=\"pt-section-sub-title\">team<\/span>     \t<h5 class=\"pt-section-title\">ZESP\u00d3\u0141 TRENER\u00d3W<\/h5>     \t<p class=\"pt-section-description\"><p>Poznaj naszych specjalist\u00f3w<\/p>   \r\n<\/div>\t\t<\/div>\n\t\t\t\t<\/div>\n\t\t\t\t\t<\/div>\n\t\t<\/div>\n\t\t\t\t\t\t\t<\/div>\n\t\t<\/div>\n\t\t\t\t<section class=\"elementor-section elementor-inner-section elementor-element elementor-element-11ee622 elementor-section-boxed elementor-section-height-default elementor-section-height-default\" data-id=\"11ee622\" data-element_type=\"section\">\n\t\t\t\t\t\t<div class=\"elementor-container elementor-column-gap-default\">\n\t\t\t\t\t<div class=\"elementor-column elementor-col-100 elementor-inner-column elementor-element elementor-element-bdad307\" data-id=\"bdad307\" data-element_type=\"column\">\n\t\t\t<div class=\"elementor-widget-wrap elementor-element-populated\">\n\t\t\t\t\t\t\t\t<div class=\"elementor-element elementor-element-b9d21db elementor-widget elementor-widget-team\" data-id=\"b9d21db\" data-element_type=\"widget\" data-widget_type=\"team.default\">\n\t\t\t\t<div class=\"elementor-widget-container\">\n\t\t\t<div class=\"pt-team\">\r\n    <div class=\"owl-carousel\" data-dots=\"true\" data-nav=\"true\" data-desk_num=\"3\" data-lap_num=\"3\" data-tab_num=\"2\" data-mob_num=\"1\" data-mob_sm=\"1\" data-autoplay=\"False\" data-loop=\"False\" data-margin=\"100\">\r\n   \r\n                <div class=\"item\">\r\n        <div class=\"pt-team-box\">\r\n            <div class=\"pt-team-img\">\r\n                <img decoding=\"async\" src=\"https:\/\/studioformy.com.pl\/wp-content\/uploads\/2023\/06\/Holmes-0013-e1696694576252.jpg\" alt=\"team-image\">                <span class=\"pt-team-designation\">Trener<\/span>\r\n                <div class=\"pt-team-social\">\r\n\t                <ul>\r\n\t                    \t                <\/ul>\r\n                <\/div>\r\n            <\/div>\r\n            <div class=\"pt-team-info\">\r\n                \r\n                <h5><a class=\"pt-member-name\">mgr Przemys\u0142aw Dubiel<\/a><\/h5>\r\n                            <\/div>\r\n            \r\n        <\/div>\r\n    <\/div>\r\n                <div class=\"item\">\r\n        <div class=\"pt-team-box\">\r\n            <div class=\"pt-team-img\">\r\n                <img decoding=\"async\" src=\"https:\/\/studioformy.com.pl\/wp-content\/uploads\/2020\/07\/jan-1-e1761382591131.jpg\" alt=\"team-image\">                <span class=\"pt-team-designation\">Trener<\/span>\r\n                <div class=\"pt-team-social\">\r\n\t                <ul>\r\n\t                    \t                <\/ul>\r\n                <\/div>\r\n            <\/div>\r\n            <div class=\"pt-team-info\">\r\n                \r\n                <h5><a class=\"pt-member-name\">mgr Jan \u015awito\u0144<\/a><\/h5>\r\n                            <\/div>\r\n            \r\n        <\/div>\r\n    <\/div>\r\n                <div class=\"item\">\r\n        <div class=\"pt-team-box\">\r\n            <div class=\"pt-team-img\">\r\n                <img decoding=\"async\" src=\"https:\/\/studioformy.com.pl\/wp-content\/uploads\/2020\/07\/adamski3-e1761380266633.png\" alt=\"team-image\">                <span class=\"pt-team-designation\">Trener<\/span>\r\n                <div class=\"pt-team-social\">\r\n\t                <ul>\r\n\t                    \t                <\/ul>\r\n                <\/div>\r\n            <\/div>\r\n            <div class=\"pt-team-info\">\r\n                \r\n                <h5><a class=\"pt-member-name\">mgr Patryk Adamski<\/a><\/h5>\r\n                            <\/div>\r\n            \r\n        <\/div>\r\n    <\/div>\r\n            <\/div>\r\n<\/div>\t\t<\/div>\n\t\t\t\t<\/div>\n\t\t\t\t\t<\/div>\n\t\t<\/div>\n\t\t\t\t\t\t\t<\/div>\n\t\t<\/section>\n\t\t\t\t\t<\/div>\n\t\t<\/div>\n\t\t\t\t\t\t\t<\/div>\n\t\t<\/div>\n\t\t\t\t\t\t\t<\/div>\n\t\t","protected":false},"excerpt":{"rendered":"<p>team ZESP\u00d3\u0141 TRENER\u00d3W Poznaj naszych specjalist\u00f3w Trener PRZEMEK DUBIEL Aerobics Instructor CARRIE SMITH Weights Trainer Mark Heris<\/p>\n","protected":false},"author":1,"featured_media":0,"parent":0,"menu_order":0,"comment_status":"closed","ping_status":"closed","template":"","meta":{"om_disable_all_campaigns":false,"_mi_skip_tracking":false,"_monsterinsights_sitenote_active":false,"_monsterinsights_sitenote_note":"","_monsterinsights_sitenote_category":0,"footnotes":""},"acf":[],"aioseo_notices":[],"_links":{"self":[{"href":"https:\/\/studioformy.com.pl\/index.php?rest_route=\/wp\/v2\/pages\/3303"}],"collection":[{"href":"https:\/\/studioformy.com.pl\/index.php?rest_route=\/wp\/v2\/pages"}],"about":[{"href":"https:\/\/studioformy.com.pl\/index.php?rest_route=\/wp\/v2\/types\/page"}],"author":[{"embeddable":true,"href":"https:\/\/studioformy.com.pl\/index.php?rest_route=\/wp\/v2\/users\/1"}],"replies":[{"embeddable":true,"href":"https:\/\/studioformy.com.pl\/index.php?rest_route=%2Fwp%2Fv2%2Fcomments&post=3303"}],"version-history":[{"count":14,"href":"https:\/\/studioformy.com.pl\/index.php?rest_route=\/wp\/v2\/pages\/3303\/revisions"}],"predecessor-version":[{"id":6464,"href":"https:\/\/studioformy.com.pl\/index.php?rest_route=\/wp\/v2\/pages\/3303\/revisions\/6464"}],"wp:attachment":[{"href":"https:\/\/studioformy.com.pl\/index.php?rest_route=%2Fwp%2Fv2%2Fmedia&parent=3303"}],"curies":[{"name":"wp","href":"https:\/\/api.w.org\/{rel}","templated":true}]}}