{"id":3300,"date":"2020-07-30T15:26:40","date_gmt":"2020-07-30T09:56:40","guid":{"rendered":"http:\/\/testing.techfusiontechnologies.com\/wordpress\/?page_id=3300"},"modified":"2024-05-19T08:58:12","modified_gmt":"2024-05-19T07:58:12","slug":"workouts","status":"publish","type":"page","link":"https:\/\/studioformy.com.pl\/?page_id=3300","title":{"rendered":"Treningi"},"content":{"rendered":"\t\t<div data-elementor-type=\"wp-page\" data-elementor-id=\"3300\" class=\"elementor elementor-3300\" data-elementor-post-type=\"page\">\n\t\t\t\t\t\t\t\t\t<div class=\"elementor-section elementor-top-section elementor-element elementor-element-4bcaa9ce elementor-section-boxed elementor-section-height-default elementor-section-height-default\" data-id=\"4bcaa9ce\" data-element_type=\"section\">\n\t\t\t\t\t\t<div class=\"elementor-container elementor-column-gap-default\">\n\t\t\t\t\t<div class=\"elementor-column elementor-col-100 elementor-top-column elementor-element elementor-element-db0c3cc\" data-id=\"db0c3cc\" data-element_type=\"column\">\n\t\t\t<div class=\"elementor-widget-wrap elementor-element-populated\">\n\t\t\t\t\t\t\t\t<div class=\"elementor-section elementor-inner-section elementor-element elementor-element-662c7df9 elementor-section-boxed elementor-section-height-default elementor-section-height-default\" data-id=\"662c7df9\" data-element_type=\"section\">\n\t\t\t\t\t\t<div class=\"elementor-container elementor-column-gap-default\">\n\t\t\t\t\t<div class=\"elementor-column elementor-col-100 elementor-inner-column elementor-element elementor-element-5dda1200\" data-id=\"5dda1200\" data-element_type=\"column\">\n\t\t\t<div class=\"elementor-widget-wrap\">\n\t\t\t\t\t\t\t\t\t<\/div>\n\t\t<\/div>\n\t\t\t\t\t\t\t<\/div>\n\t\t<\/div>\n\t\t\t\t<div class=\"elementor-element elementor-element-1efcc1ff elementor-widget elementor-widget-section_title\" data-id=\"1efcc1ff\" data-element_type=\"widget\" data-widget_type=\"section_title.default\">\n\t\t\t\t<div class=\"elementor-widget-container\">\n\t\t\t\r\n\r\n\r\n\r\n<div class=\"pt-section-title-box text-center\">   \r\n   \t\t<span class=\"pt-section-sub-title\">jako\u015b\u0107<\/span>     \t<h5 class=\"pt-section-title\">Trenuj z nami - Odkryj r\u00f3\u017cnorodno\u015b\u0107 trening\u00f3w w naszym studiu<\/h5>     \t<p class=\"pt-section-description\"><p>W naszym studiu treningu personalnego oferujemy r\u00f3\u017cnorodne rodzaje trening\u00f3w, kt\u00f3re dostosowane s\u0105 do Twoich cel\u00f3w i preferencji. Niezale\u017cnie od tego, czy chcesz zwi\u0119kszy\u0107 si\u0142\u0119 i wytrzyma\u0142o\u015b\u0107, poprawi\u0107 kondycj\u0119, redukowa\u0107 mas\u0119 cia\u0142a czy pracowa\u0107 nad rozwojem ruchowym, mamy treningi, kt\u00f3re spe\u0142ni\u0105 Twoje oczekiwania. Nasze treningi s\u0105 oparte na indywidualnym podej\u015bciu, umo\u017cliwiaj\u0105cym osi\u0105gni\u0119cie optymalnych rezultat\u00f3w. Oferujemy treningi si\u0142owe, treningi funkcjonalne, treningi interwa\u0142owe, treningi na mas\u0119, treningi cardio i wiele wi\u0119cej. Nasz do\u015bwiadczony zesp\u00f3\u0142 trener\u00f3w personalnych opracuje dla Ciebie spersonalizowany plan treningowy, uwzgl\u0119dniaj\u0105c Twoje cele i mo\u017cliwo\u015bci. Niezale\u017cnie od Twojego poziomu sprawno\u015bci czy do\u015bwiadczenia treningowego, zapraszamy do naszego studia, aby rozpocz\u0105\u0107 wyj\u0105tkow\u0105 przygod\u0119 z treningiem personalnym i osi\u0105gn\u0105\u0107 swoje cele fitness.<\/p>   \r\n<\/div>\t\t<\/div>\n\t\t\t\t<\/div>\n\t\t\t\t<div class=\"elementor-section elementor-inner-section elementor-element elementor-element-1620a3bc elementor-section-boxed elementor-section-height-default elementor-section-height-default\" data-id=\"1620a3bc\" data-element_type=\"section\">\n\t\t\t\t\t\t<div class=\"elementor-container elementor-column-gap-default\">\n\t\t\t\t\t<div class=\"elementor-column elementor-col-33 elementor-inner-column elementor-element elementor-element-44022937\" data-id=\"44022937\" data-element_type=\"column\">\n\t\t\t<div class=\"elementor-widget-wrap elementor-element-populated\">\n\t\t\t\t\t\t\t\t<div class=\"elementor-element elementor-element-31f00825 elementor-widget elementor-widget-gymster_Service_Box\" data-id=\"31f00825\" data-element_type=\"widget\" data-widget_type=\"gymster_Service_Box.default\">\n\t\t\t\t<div class=\"elementor-widget-container\">\n\t\t\t\t\t\t<div class=\"pt-service-box pt-service-box-2\">\r\n\t\t<div class=\"pt-service-banner\"><img decoding=\"async\" src=\"https:\/\/studioformy.com.pl\/wp-content\/uploads\/2022\/06\/2-8.jpg\" alt=\"servicebox\" \/>\r\n<div class=\"pt-service-media\"><i class=\" flaticon-exercise\"><\/i><\/div>\r\n<\/div>\t\t<div class=\"pt-service-box-info\">\r\n\t\t\t<h5 class=\"pt-service-title\">trening personalny<\/h5>\t\t\t<p class=\"pt-service-description\"><p>Nasz trening personalny to spersonalizowane podej\u015bcie do osi\u0105gni\u0119cia Twoich cel\u00f3w fitness. Dostosowane sesje treningowe prowadzone przez naszych do\u015bwiadczonych trener\u00f3w pomog\u0105 Ci poprawi\u0107 si\u0142\u0119, wytrzyma\u0142o\u015b\u0107 i kondycj\u0119. Bez wzgl\u0119du na Tw\u00f3j poziom sprawno\u015bci, zapewniamy motywacj\u0119 i wsparcie, aby\u015b osi\u0105gn\u0105\u0142\/a optymalne rezultaty. Skontaktuj si\u0119 z nami ju\u017c dzi\u015b i rozpocznij swoj\u0105 drog\u0119 do lepszej formy fizycznej!<\/p><\/p> \r\n\t\t\t<div class=\"pt-btn-container\">\r\n    <div class=\"pt-button-block\">\r\n\t\t\t<a class=\"pt-button pt-btn-link\">\r\n      <span class=\"pt-button-line-left\"><\/span>\r\n\t\t\t<span class=\"text\"><\/span>\r\n\t\t\t<\/a>\r\n    <\/div>  \r\n<\/div>\r\n\t\t\t\r\n\t\t<\/div>\r\n\t<\/div>\r\n\t\t\t<\/div>\n\t\t\t\t<\/div>\n\t\t\t\t\t<\/div>\n\t\t<\/div>\n\t\t\t\t<div class=\"elementor-column elementor-col-33 elementor-inner-column elementor-element elementor-element-4936dbcf\" data-id=\"4936dbcf\" data-element_type=\"column\">\n\t\t\t<div class=\"elementor-widget-wrap elementor-element-populated\">\n\t\t\t\t\t\t\t\t<div class=\"elementor-element elementor-element-f293af4 elementor-widget elementor-widget-gymster_Service_Box\" data-id=\"f293af4\" data-element_type=\"widget\" data-widget_type=\"gymster_Service_Box.default\">\n\t\t\t\t<div class=\"elementor-widget-container\">\n\t\t\t\t<div class=\"pt-service-box pt-service-box-2\">\r\n\t\t<div class=\"pt-service-banner\"><img decoding=\"async\" src=\"https:\/\/studioformy.com.pl\/wp-content\/uploads\/revslider\/fitness-founders-1\/1-10.jpg\" alt=\"servicebox\" \/>\r\n<div class=\"pt-service-media\"><i class=\" flaticon-strength\"><\/i><\/div>\r\n<\/div>\t\t<div class=\"pt-service-box-info\">\r\n\t\t\t<h5 class=\"pt-service-title\">Treningi w ma\u0142ych grupach<\/h5>\t\t\t<p class=\"pt-service-description\"><p>Oferujemy dynamiczne sesje treningowe, kt\u00f3re odbywaj\u0105 si\u0119 w niewielkich grupach os\u00f3b o podobnych celach i poziomach sprawno\u015bci. Dzi\u0119ki temu do\u015bwiadczysz nie tylko profesjonalnego wsparcia naszych trener\u00f3w, ale tak\u017ce motywacji i energii p\u0142yn\u0105cej z treningu w grupie. Nasze treningi w ma\u0142ych grupach umo\u017cliwiaj\u0105 skuteczne budowanie si\u0142y, wytrzyma\u0142o\u015bci i kondycji, jednocze\u015bnie zapewniaj\u0105c przyjazn\u0105 atmosfer\u0119 i poczucie wsp\u00f3lnoty. <\/p><\/p> \r\n\t\t\t<div class=\"pt-btn-container\">\r\n    <div class=\"pt-button-block\">\r\n\t\t\t<a class=\"pt-button pt-btn-link\">\r\n      <span class=\"pt-button-line-left\"><\/span>\r\n\t\t\t<span class=\"text\"><\/span>\r\n\t\t\t<\/a>\r\n    <\/div>  \r\n<\/div>\r\n\t\t\t\r\n\t\t<\/div>\r\n\t<\/div>\r\n\t\t\t<\/div>\n\t\t\t\t<\/div>\n\t\t\t\t\t<\/div>\n\t\t<\/div>\n\t\t\t\t<div class=\"elementor-column elementor-col-33 elementor-inner-column elementor-element elementor-element-3ffc4d3\" data-id=\"3ffc4d3\" data-element_type=\"column\">\n\t\t\t<div class=\"elementor-widget-wrap elementor-element-populated\">\n\t\t\t\t\t\t\t\t<div class=\"elementor-element elementor-element-4c72c62 elementor-widget elementor-widget-gymster_Service_Box\" data-id=\"4c72c62\" data-element_type=\"widget\" data-widget_type=\"gymster_Service_Box.default\">\n\t\t\t\t<div class=\"elementor-widget-container\">\n\t\t\t\t<div class=\"pt-service-box pt-service-box-2\">\r\n\t\t<div class=\"pt-service-banner\"><img decoding=\"async\" src=\"https:\/\/studioformy.com.pl\/wp-content\/uploads\/revslider\/slider-1\/bbb-33.jpg\" alt=\"servicebox\" \/>\r\n<div class=\"pt-service-media\"><i class=\" flaticon-workout\"><\/i><\/div>\r\n<\/div>\t\t<div class=\"pt-service-box-info\">\r\n\t\t\t<h5 class=\"pt-service-title\">Trening prozdrowotny<\/h5>\t\t\t<p class=\"pt-service-description\"><p>Skupiamy si\u0119 na poprawie Twojego og\u00f3lnego zdrowia i dobrej kondycji fizycznej. Nasze treningi prozdrowotne s\u0105 zaprojektowane w taki spos\u00f3b, aby wp\u0142ywa\u0107 pozytywnie na Twoje zdrowie serca, uk\u0142adu oddechowego, si\u0142\u0119 mi\u0119\u015bni, elastyczno\u015b\u0107 i koordynacj\u0119. Niezale\u017cnie od Twojego wieku czy aktualnego stanu zdrowia, nasz do\u015bwiadczony zesp\u00f3\u0142 trener\u00f3w personalnych dostosuje program treningowy, uwzgl\u0119dniaj\u0105c Twoje potrzeby i mo\u017cliwo\u015bci. Celem naszego treningu prozdrowotnego jest zwi\u0119kszenie Twojej jako\u015bci \u017cycia, poprawa energii i samopoczucia oraz zmniejszenie ryzyka chor\u00f3b. <\/p><\/p> \r\n\t\t\t<div class=\"pt-btn-container\">\r\n    <div class=\"pt-button-block\">\r\n\t\t\t<a class=\"pt-button pt-btn-link\">\r\n      <span class=\"pt-button-line-left\"><\/span>\r\n\t\t\t<span class=\"text\"><\/span>\r\n\t\t\t<\/a>\r\n    <\/div>  \r\n<\/div>\r\n\t\t\t\r\n\t\t<\/div>\r\n\t<\/div>\r\n\t\t\t<\/div>\n\t\t\t\t<\/div>\n\t\t\t\t\t<\/div>\n\t\t<\/div>\n\t\t\t\t\t\t\t<\/div>\n\t\t<\/div>\n\t\t\t\t<div class=\"elementor-section elementor-inner-section elementor-element elementor-element-1eed0615 elementor-section-boxed elementor-section-height-default elementor-section-height-default\" data-id=\"1eed0615\" data-element_type=\"section\">\n\t\t\t\t\t\t<div class=\"elementor-container elementor-column-gap-default\">\n\t\t\t\t\t<div class=\"elementor-column elementor-col-33 elementor-inner-column elementor-element elementor-element-9f05c95\" data-id=\"9f05c95\" data-element_type=\"column\">\n\t\t\t<div class=\"elementor-widget-wrap elementor-element-populated\">\n\t\t\t\t\t\t\t\t<div class=\"elementor-element elementor-element-eaebed elementor-widget elementor-widget-gymster_Service_Box\" data-id=\"eaebed\" data-element_type=\"widget\" data-widget_type=\"gymster_Service_Box.default\">\n\t\t\t\t<div class=\"elementor-widget-container\">\n\t\t\t\t<div class=\"pt-service-box pt-service-box-2\">\r\n\t\t<div class=\"pt-service-banner\"><img decoding=\"async\" src=\"https:\/\/studioformy.com.pl\/wp-content\/uploads\/2021\/01\/banner-1-1.jpg\" alt=\"servicebox\" \/>\r\n<div class=\"pt-service-media\"><i class=\" flaticon-runner\"><\/i><\/div>\r\n<\/div>\t\t<div class=\"pt-service-box-info\">\r\n\t\t\t<h5 class=\"pt-service-title\">powr\u00f3t do sprawno\u015bci<\/h5>\t\t\t<p class=\"pt-service-description\"><p>oferujemy specjalistyczne treningi dla os\u00f3b, kt\u00f3re pragn\u0105 powr\u00f3ci\u0107 do pe\u0142nej sprawno\u015bci po urazie, operacji lub d\u0142ugotrwa\u0142ej przerwie od aktywno\u015bci fizycznej. Nasz do\u015bwiadczony zesp\u00f3\u0142 trener\u00f3w personalnych wspiera Ci\u0119 na ka\u017cdym etapie powrotu do formy, tworz\u0105c spersonalizowany plan treningowy, uwzgl\u0119dniaj\u0105cy Twoje indywidualne ograniczenia i cele. Wykorzystujemy innowacyjne metody rehabilitacji, wzmacniania i rozwoju ruchowego, aby pom\u00f3c Ci odzyska\u0107 pe\u0142n\u0105 sprawno\u015b\u0107, poprawi\u0107 funkcjonalno\u015b\u0107 cia\u0142a i wzmacnia\u0107 zaufanie do swoich mo\u017cliwo\u015bci.<\/p><\/p> \r\n\t\t\t<div class=\"pt-btn-container\">\r\n    <div class=\"pt-button-block\">\r\n\t\t\t<a class=\"pt-button pt-btn-link\">\r\n      <span class=\"pt-button-line-left\"><\/span>\r\n\t\t\t<span class=\"text\"><\/span>\r\n\t\t\t<\/a>\r\n    <\/div>  \r\n<\/div>\r\n\t\t\t\r\n\t\t<\/div>\r\n\t<\/div>\r\n\t\t\t<\/div>\n\t\t\t\t<\/div>\n\t\t\t\t\t<\/div>\n\t\t<\/div>\n\t\t\t\t<div class=\"elementor-column elementor-col-33 elementor-inner-column elementor-element elementor-element-125a5596\" data-id=\"125a5596\" data-element_type=\"column\">\n\t\t\t<div class=\"elementor-widget-wrap elementor-element-populated\">\n\t\t\t\t\t\t\t\t<div class=\"elementor-element elementor-element-48189f32 elementor-widget elementor-widget-gymster_Service_Box\" data-id=\"48189f32\" data-element_type=\"widget\" data-widget_type=\"gymster_Service_Box.default\">\n\t\t\t\t<div class=\"elementor-widget-container\">\n\t\t\t\t<div class=\"pt-service-box pt-service-box-2\">\r\n\t\t<div class=\"pt-service-banner\"><img decoding=\"async\" src=\"https:\/\/studioformy.com.pl\/wp-content\/uploads\/2022\/06\/bbb-77-3.jpg\" alt=\"servicebox\" \/>\r\n<div class=\"pt-service-media\"><i class=\" flaticon-dumbbell\"><\/i><\/div>\r\n<\/div>\t\t<div class=\"pt-service-box-info\">\r\n\t\t\t<h5 class=\"pt-service-title\">Przygotowanie motoryczne<\/h5>\t\t\t<p class=\"pt-service-description\"><p>Skupiamy si\u0119 na rozwijaniu kluczowych zdolno\u015bci motorycznych, takich jak szybko\u015b\u0107, si\u0142a, koordynacja ruchowa i moc. Nasze wyspecjalizowane programy treningowe s\u0105 zaprojektowane w celu doskonalenia tych umiej\u0119tno\u015bci, kt\u00f3re s\u0105 istotne zar\u00f3wno dla sportowc\u00f3w, jak i os\u00f3b pragn\u0105cych polepszy\u0107 swoj\u0105 og\u00f3ln\u0105 sprawno\u015b\u0107 ruchow\u0105. Dzi\u0119ki indywidualnemu podej\u015bciu i wsparciu naszego do\u015bwiadczonego zespo\u0142u trener\u00f3w personalnych, b\u0119dziesz m\u00f3g\u0142\/a osi\u0105gn\u0105\u0107 swoje pe\u0142ne mo\u017cliwo\u015bci w tych obszarach<\/p><\/p> \r\n\t\t\t<div class=\"pt-btn-container\">\r\n    <div class=\"pt-button-block\">\r\n\t\t\t<a class=\"pt-button pt-btn-link\">\r\n      <span class=\"pt-button-line-left\"><\/span>\r\n\t\t\t<span class=\"text\"><\/span>\r\n\t\t\t<\/a>\r\n    <\/div>  \r\n<\/div>\r\n\t\t\t\r\n\t\t<\/div>\r\n\t<\/div>\r\n\t\t\t<\/div>\n\t\t\t\t<\/div>\n\t\t\t\t\t<\/div>\n\t\t<\/div>\n\t\t\t\t<div class=\"elementor-column elementor-col-33 elementor-inner-column elementor-element elementor-element-6bb27b1f\" data-id=\"6bb27b1f\" data-element_type=\"column\">\n\t\t\t<div class=\"elementor-widget-wrap elementor-element-populated\">\n\t\t\t\t\t\t\t\t<div class=\"elementor-element elementor-element-1006bc4b elementor-widget elementor-widget-gymster_Service_Box\" data-id=\"1006bc4b\" data-element_type=\"widget\" data-widget_type=\"gymster_Service_Box.default\">\n\t\t\t\t<div class=\"elementor-widget-container\">\n\t\t\t\t<div class=\"pt-service-box pt-service-box-2\">\r\n\t\t<div class=\"pt-service-banner\"><img decoding=\"async\" src=\"https:\/\/studioformy.com.pl\/wp-content\/uploads\/2020\/07\/pf-8-min.jpg\" alt=\"servicebox\" \/>\r\n<div class=\"pt-service-media\"><i class=\" flaticon-weightlifting-1\"><\/i><\/div>\r\n<\/div>\t\t<div class=\"pt-service-box-info\">\r\n\t\t\t<h5 class=\"pt-service-title\">Trening sylwetkowy<\/h5>\t\t\t<p class=\"pt-service-description\"><p>skupiamy si\u0119 na kszta\u0142towaniu Twojej sylwetki i osi\u0105ganiu wymarzonej figury. Nasze specjalnie opracowane programy treningowe s\u0105 jedynie cz\u0119\u015bci\u0105 r\u00f3wnania sukcesu. Wiemy, \u017ce aby osi\u0105gn\u0105\u0107 wymarzon\u0105 sylwetk\u0119, niezb\u0119dne jest tak\u017ce w\u0142asne zaanga\u017cowanie, zdrowa dieta i indywidualne podej\u015bcie. Nasz do\u015bwiadczony zesp\u00f3\u0142 trener\u00f3w personalnych nie tylko dostosuje treningi do Twoich cel\u00f3w i preferencji, ale tak\u017ce pomo\u017ce Ci zrozumie\u0107 znaczenie odpowiedniego od\u017cywiania i podj\u0105\u0107 odpowiednie kroki w redukcji tkanki t\u0142uszczowej. W naszym studiu, podkre\u015blamy wag\u0119 Twojego indywidualnego zaanga\u017cowania i wspieramy Ci\u0119 na ka\u017cdym kroku, aby\u015b osi\u0105gn\u0105\u0142\/a najlepsze rezultaty. Zapraszamy Ci\u0119 do naszego studia, gdzie po\u0142\u0105czymy profesjonalne treningi sylwetkowe z edukacj\u0105 \u017cywieniow\u0105 i osobistym zaanga\u017cowaniem, aby pom\u00f3c Ci budowa\u0107 wymarzon\u0105 sylwetk\u0119 i osi\u0105gn\u0105\u0107 sukces.<\/p><\/p> \r\n\t\t\t<div class=\"pt-btn-container\">\r\n    <div class=\"pt-button-block\">\r\n\t\t\t<a class=\"pt-button pt-btn-link\">\r\n      <span class=\"pt-button-line-left\"><\/span>\r\n\t\t\t<span class=\"text\"><\/span>\r\n\t\t\t<\/a>\r\n    <\/div>  \r\n<\/div>\r\n\t\t\t\r\n\t\t<\/div>\r\n\t<\/div>\r\n\t\t\t<\/div>\n\t\t\t\t<\/div>\n\t\t\t\t\t<\/div>\n\t\t<\/div>\n\t\t\t\t\t\t\t<\/div>\n\t\t<\/div>\n\t\t\t\t\t<\/div>\n\t\t<\/div>\n\t\t\t\t\t\t\t<\/div>\n\t\t<\/div>\n\t\t\t\t\t\t\t<\/div>\n\t\t","protected":false},"excerpt":{"rendered":"<p>jako\u015b\u0107 Trenuj z nami &#8211; Odkryj r\u00f3\u017cnorodno\u015b\u0107 trening\u00f3w w naszym studiu W naszym studiu treningu personalnego oferujemy r\u00f3\u017cnorodne rodzaje trening\u00f3w, kt\u00f3re dostosowane s\u0105 do Twoich cel\u00f3w i preferencji. Niezale\u017cnie od tego, czy chcesz zwi\u0119kszy\u0107 si\u0142\u0119 i wytrzyma\u0142o\u015b\u0107, poprawi\u0107 kondycj\u0119, redukowa\u0107 mas\u0119 cia\u0142a czy pracowa\u0107 nad rozwojem ruchowym, mamy treningi, kt\u00f3re spe\u0142ni\u0105 Twoje oczekiwania. Nasze treningi [&hellip;]<\/p>\n","protected":false},"author":1,"featured_media":0,"parent":0,"menu_order":0,"comment_status":"closed","ping_status":"closed","template":"","meta":{"om_disable_all_campaigns":false,"_mi_skip_tracking":false,"_monsterinsights_sitenote_active":false,"_monsterinsights_sitenote_note":"","_monsterinsights_sitenote_category":0,"footnotes":""},"acf":[],"aioseo_notices":[],"_links":{"self":[{"href":"https:\/\/studioformy.com.pl\/index.php?rest_route=\/wp\/v2\/pages\/3300"}],"collection":[{"href":"https:\/\/studioformy.com.pl\/index.php?rest_route=\/wp\/v2\/pages"}],"about":[{"href":"https:\/\/studioformy.com.pl\/index.php?rest_route=\/wp\/v2\/types\/page"}],"author":[{"embeddable":true,"href":"https:\/\/studioformy.com.pl\/index.php?rest_route=\/wp\/v2\/users\/1"}],"replies":[{"embeddable":true,"href":"https:\/\/studioformy.com.pl\/index.php?rest_route=%2Fwp%2Fv2%2Fcomments&post=3300"}],"version-history":[{"count":53,"href":"https:\/\/studioformy.com.pl\/index.php?rest_route=\/wp\/v2\/pages\/3300\/revisions"}],"predecessor-version":[{"id":6712,"href":"https:\/\/studioformy.com.pl\/index.php?rest_route=\/wp\/v2\/pages\/3300\/revisions\/6712"}],"wp:attachment":[{"href":"https:\/\/studioformy.com.pl\/index.php?rest_route=%2Fwp%2Fv2%2Fmedia&parent=3300"}],"curies":[{"name":"wp","href":"https:\/\/api.w.org\/{rel}","templated":true}]}}